{"id":583,"date":"2021-04-26T07:04:08","date_gmt":"2021-04-26T07:04:08","guid":{"rendered":"https:\/\/www.test.aquilaspa.ro\/?page_id=583"},"modified":"2024-04-05T07:54:34","modified_gmt":"2024-04-05T07:54:34","slug":"politica-cookies","status":"publish","type":"page","link":"https:\/\/www.aquilaspa.ro\/en\/politica-cookies\/","title":{"rendered":"Cookies Policy"},"content":{"rendered":"<div data-elementor-type=\"wp-page\" data-elementor-id=\"583\" class=\"elementor elementor-583\" data-elementor-post-type=\"page\">\n\t\t\t\t\t\t<section class=\"elementor-section elementor-top-section elementor-element elementor-element-63b9c18b elementor-section-height-min-height elementor-section-content-middle elementor-section-boxed elementor-section-height-default elementor-section-items-middle\" data-id=\"63b9c18b\" data-element_type=\"section\" data-e-type=\"section\" data-settings=\"{&quot;background_background&quot;:&quot;classic&quot;}\">\n\t\t\t\t\t\t\t<div class=\"elementor-background-overlay\"><\/div>\n\t\t\t\t\t\t\t<div class=\"elementor-container elementor-column-gap-wider\">\n\t\t\t\t\t<div class=\"elementor-column elementor-col-100 elementor-top-column elementor-element elementor-element-6f81be2e\" data-id=\"6f81be2e\" data-element_type=\"column\" data-e-type=\"column\">\n\t\t\t<div class=\"elementor-widget-wrap elementor-element-populated\">\n\t\t\t\t\t\t<div class=\"elementor-element elementor-element-4bda797e elementor-widget-divider--view-line elementor-widget elementor-widget-divider\" data-id=\"4bda797e\" data-element_type=\"widget\" data-e-type=\"widget\" data-widget_type=\"divider.default\">\n\t\t\t\t<div class=\"elementor-widget-container\">\n\t\t\t\t\t\t\t<div class=\"elementor-divider\">\n\t\t\t<span class=\"elementor-divider-separator\">\n\t\t\t\t\t\t<\/span>\n\t\t<\/div>\n\t\t\t\t\t\t<\/div>\n\t\t\t\t<\/div>\n\t\t\t\t<div class=\"elementor-element elementor-element-21210908 elementor-widget elementor-widget-heading\" data-id=\"21210908\" data-element_type=\"widget\" data-e-type=\"widget\" data-widget_type=\"heading.default\">\n\t\t\t\t<div class=\"elementor-widget-container\">\n\t\t\t\t\t<h2 class=\"elementor-heading-title elementor-size-default\">COOKIE USE POLICY \n<\/h2>\t\t\t\t<\/div>\n\t\t\t\t<\/div>\n\t\t\t\t\t<\/div>\n\t\t<\/div>\n\t\t\t\t\t<\/div>\n\t\t<\/section>\n\t\t\t\t<section class=\"elementor-section elementor-top-section elementor-element elementor-element-70cb0de7 elementor-section-boxed elementor-section-height-default elementor-section-height-default\" data-id=\"70cb0de7\" data-element_type=\"section\" data-e-type=\"section\" data-settings=\"{&quot;background_background&quot;:&quot;classic&quot;}\">\n\t\t\t\t\t\t<div class=\"elementor-container elementor-column-gap-default\">\n\t\t\t\t\t<div class=\"elementor-column elementor-col-100 elementor-top-column elementor-element elementor-element-2db337a4\" data-id=\"2db337a4\" data-element_type=\"column\" data-e-type=\"column\">\n\t\t\t<div class=\"elementor-widget-wrap elementor-element-populated\">\n\t\t\t\t\t\t<div class=\"elementor-element elementor-element-889870b elementor-widget elementor-widget-heading\" data-id=\"889870b\" data-element_type=\"widget\" data-e-type=\"widget\" data-widget_type=\"heading.default\">\n\t\t\t\t<div class=\"elementor-widget-container\">\n\t\t\t\t\t<h2 class=\"elementor-heading-title elementor-size-default\">Use of Cookies<br>\nThe information presented below aims to inform the user more details about the placement, use and administration of \"cookies\" used by the site aquilaspa.ro<br>\n\nPlease read the following information carefully:<br>\nThis website uses cookies to provide visitors with a much better browsing experience and services tailored to everyone's needs and interests.<br>\n\nThese cookies may come from the following third parties: Adwords, Facebook, Google Analytics, Google.com, Hotjar<br>\n\nThe role of \"cookies\" is to facilitate the access and delivery of services used by the Internet user, such as personalization of certain settings (language, country, prices displayed in national currency.<br>\n\n\"Cookies\", based on the information they collect about users, help site owners to make their product more efficient so that it can be easily accessed by users, they also increase the efficiency of online advertising. and last but not least, they can allow multimedia or other applications on other sites to be included in a certain sote to make browsing more useful.<br>\n\nWhat is a \"Cookie\"?<br>\nCookie (\"browser cookie\" or \"HTTP cookie\") is a small file, consisting of letters and numbers, which is stored on any terminal with internet access (computer, mobile phone, tablet, etc.) and is installed by request issued by a web server to a browser (eg Internet Explorer, Chrome).<br>\n\nPlease note: Cookies do not contain software, viruses or spyware and cannot access the information on the user's hard drive. Cookies do not request personal information and do not personally identify internet users.<br>\n\nA cookie consists of name and content, its duration being determined, and can be accessed again by the webserver when a user returns to the website associated with that webserver.<br>\n\nCookies are classified into:<br>\n- Session cookies - these are temporarily stored in the browser history that stores them until the user exits the website or closes the browser window.<br>\n\n- Persistent cookies - these are stored, depending on the default time, on the hard drive of a computer or equipment. Persistent cookies also include those placed by a website other than the one the user is currently visiting - known as \"third party cookies\" - which can be used anonymously to store a user's interests. so that the most relevant advertising for users is delivered.<br>\n\nWhat are the advantages of cookies?\nA cookie contains information that links users to a particular website. If a browser accesses that web server again, it can read the information already stored and react accordingly. Cookies provide users with a pleasant browsing experience and support the efforts of many websites to provide comfortable services to users: eg online privacy preferences, site language options, shopping costs or relevant advertising.<br>\n\nWhat is the lifetime of a cookie?\nThe lifespan of a cookie can be different, depending on the purpose for which it is placed. There are cookies used exclusively for a single session - they are no longer retained after the user leaves the website. Permanent cookies - are retained and reused each time the user returns to that website, but can be deleted at any time by the user.<br>\n\nWhat are third-party cookies?<br>\nCertain parts of the content on certain sites may be placed on the website accessed by third parties through banners, boxes or links - and all these tools may contain cookies. They are called \"third party cookies\" because they are not placed by the owner of that website, and third party providers are subject to applicable laws and privacy policies of the site owner.<br>\n\nHow are the cookies used by this site used<br>\nA visit to this site may place cookies for the purposes of:<br>\n\nSite performance cookies<br>\n\nVisitor analysis cookies<br>\n\nGeotargeting cookies<br>\n\nRegistration cookies<br>\n\nAdvertising cookies<br>\n\nAdvertising provider cookies<br>\n\nThese cookies may come from third parties.<br>\n\nPerformance cookies<br>\nThis type of cookie retains the user's preferences on this site, so there is no need to set them each time you visit the site. For example: video player volume settings, video streaming speed with which the browser is compatible.<br>\n\nEach time a user visits this site the analytics software provided by a third party generates a user analysis cookie. This cookie tells us if you have visited this site before. The browser will tell us if you have this cookie, and if not, we will generate one. It allows monitoring the unique users who visit us and how often they do it. As long as you are not registered on this site, this cookie cannot be used to identify individuals, they are only used for statistical purposes. If you are registered we may also know the details you have provided to us, such as your e-mail address and username - these being subject to confidentiality and the provisions of the Terms and Conditions, Privacy Policy and the provisions of the legislation in force regarding the protection of personal data.<br>\n\nGeotargeting cookies<br>\nThese cookies are used by a software that determines which country you come from. It is completely anonymous and is only used to target content - even when you are on our page in Romanian or in another language you receive the same advertisement.<br>\n\nRegistration cookies<br>\nWhen you register on this site, we generate a cookie that notifies us if you are registered or not. Our servers use these cookies to show us the account you are registered with and if you have permission for a particular service. It also allows us to associate any comments you post on our site with your username. If you have not selected \"keep me registered\", this cookie will be automatically deleted when you close your browser or computer.<br>\n\nAdvertising cookies<br>\nThese cookies allow us to find out whether or not you have viewed an online advertisement, what its type is and how long it has been since you saw the advertising message. These cookies are also used to target online advertising. We may also use third-party cookies to better target advertising, to show for example holiday advertisements, if the user recently visited an article on the holiday website. These cookies are anonymous, they store information about the content viewed, not about users. We also set anonymous cookies through other sites we advertise on. By receiving them, we may use them to recognize you as a visitor to that site. If you later visit our site, we will be able to deliver advertising based on this information.<br>\n\nMuch of the advertising you find on this site belongs to third parties. Some of these parties use their own anonymous cookies to analyze how many people have been exposed to an advertisement, or to see how many people have been exposed to the same ad more than once. The companies that generate these cookies have their own privacy policies, and this site does not have access to read or write these cookies. Third-party cookies may be used to show you the advertising of your card on other sites, based on your browsing on this site.<br>\n\nOther third party cookies<br>\nOn some pages, third parties may set their own anonymous cookies in order to track the success of an application, or to customize an application. Due to the use of this site, this site cannot access these cookies, just as third parties cannot access the cookies held by this site. For example, when you share an article using the social media button on this site, that social network will record your activity.<br>\n\nWhat kind of information is stored and accessed through cookies?<br>\nCookies store information in a small text file that allows a website to recognize a browser. The web server will recognize the browser until the cookie expires or is deleted. The cookie stores important information that improves the Internet browsing experience (eg the settings of the language in which you want to access a site; keeping a user logged in to the webmail account; online banking security; keeping products in the shopping cart).<br>\n\nWhy are cookies important for the internet?<br>\nCookies represent the central point of the efficient functioning of the Internet, helping to generate a friendly browsing experience and adapted to the preferences and interests of each user. Declining or disabling cookies may make some sites impossible to use.<br>\n\nRefusing or disabling cookies does not mean that you will no longer receive online advertising - but only that it will no longer be able to take into account your preferences and interests, highlighted by browsing behavior.\n<br>\nExemple de intrebuintari importante ale cookie-urilor ( care nu necesita autentificarea unui utilizator prin intermediul unui cont):<br>\n\nContent and services tailored to user preferences - categories of news, weather, sports, maps, public and government services, entertainment sites and travel services.<br>\n\nOffers adapted to users' interests - password retention, language preferences (Ex: displaying search results in Adword Romanian language).<br>\n\nRetention of child protection filters on Internet content (family mode options, safe search functions)\n<br>\nLimit the frequency of ad serving - Limit the number of impressions of an ad for a particular user on a site.<br>\n\nProviding more relevant advertising for the user.<br>\n\nMeasurement, optimization and analytics features - such as confirming a certain level of traffic on a website, what type of content is viewed and how a user gets to a website (eg through search engines, directly from other websites etc). Websites conduct these analyzes of their use to improve the sites for the benefit of the users.\n<br>\nSecuritate \u0219i problemele legate de confiden\u021bialitate<br>\nCookies are NOT viruses! They use plain text formats. They are not made up of pieces of code so they cannot be executed or authored. As a result, they cannot be duplicated or replicated on other networks to run or replicate again. Because they cannot perform these functions, they cannot be considered viruses.\n<br>\nHowever, cookies may be used for negative purposes. Because it stores information about users' preferences and browsing history, both on a particular site and on several other sites, cookies can be used as a form of Spyware. Many anti-spyware products are aware of this and constantly mark cookies to be deleted during anti-virus \/ anti-spyware deletion \/ scanning procedures.\n<br>\nIn general, browsers have integrated privacy settings that provide different levels of acceptance of cookies, validity period and automatic deletion after the user has visited a particular site.<br>\n\nOther security issues related to cookies<br>\nBecause identity protection is very valuable and represents the right of every internet user, it is advisable to know what possible problems cookies can create. Because through them information is constantly transmitted in both directions between the browser and the website, if an attacker or unauthorized person intervenes during the transmission of data, the information contained in the cookie may be intercepted. Although very rare, this can happen if the browser connects to the server using an unencrypted network (eg an unsecured WiFi network).<br>\n\nOther cookie-based attacks involve incorrect cookie settings on servers. If a website does not require the browser to use only encrypted channels, attackers can use this vulnerability to trick browsers into sending information through unsecured channels. Attackers then use the information to gain unauthorized access to certain sites. It is very important to be careful in choosing the most appropriate method of personal information protection.<br>\n\nTips for safe and responsible browsing based on cookies\nDue to their flexibility and the fact that most of the most visited and largest sites use cookies, they are almost inevitable. Disabling cookies will not allow the user to access the most widespread and used sites including Youtube, Gmail, Yahoo and others. Here are some tips that can ensure that you browse without worries but with the help of cookies:\n<br>\nCustomize your browser settings for cookies to reflect a comfortable level of security for you to use cookies. navigation and personal data access. If you share access to your computer, you can consider setting your browser to clear individual browsing data each time you close your browser. This is a way to access sites that place cookies and to delete any visit information at the end of the browsing session. Install and constantly update your antispyware applications.<br>\n\nMany of the spyware detection and prevention applications include site attack detection. This prevents the browser from accessing websites that could exploit browser vulnerabilities or download malicious software. Make sure your browser is always up to date. Many of the cookie-based attacks are exploited by exploiting the weaknesses of older versions of browsers.<br>\n\nCookies are everywhere and cannot be avoided if you want to enjoy access to the best and largest sites on the Internet - local or international. With a clear understanding of how they operate and the benefits they bring, you can take the necessary security measures so that you can surf the internet with confidence.<br>\n\nDisabling and rejecting cookies\nDisabling and refusing to receive cookies may make certain sites impractical or difficult to visit and use. Also, the refusal to accept cookies does not mean that you will no longer receive \/ see online advertising.<br>\n\nIt is possible to set in the browser so that these cookies are no longer accepted or you can set the browser to accept cookies from a specific site. But, for example, if you are not registered using cookies, you will not be able to leave comments.<br>\n\nAll modern browsers offer the ability to change cookie settings. These settings are usually found in your browser's \"options\" or Adword's \"preferences\" menu.<br>\n\nFor the settings of cookies generated by third parties, and for more information on the confidentiality related to online advertising, IAB Romania provides the following site: <br>http:\/\/www.youronlinechoices.com\/ro\/\n<br>\n-<br>-<\/h2>\t\t\t\t<\/div>\n\t\t\t\t<\/div>\n\t\t\t\t\t<\/div>\n\t\t<\/div>\n\t\t\t\t\t<\/div>\n\t\t<\/section>\n\t\t\t\t<section class=\"elementor-section elementor-top-section elementor-element elementor-element-406e8977 elementor-section-content-middle elementor-section-boxed elementor-section-height-default elementor-section-height-default\" data-id=\"406e8977\" data-element_type=\"section\" data-e-type=\"section\" data-settings=\"{&quot;background_background&quot;:&quot;classic&quot;}\">\n\t\t\t\t\t\t<div class=\"elementor-container elementor-column-gap-wider\">\n\t\t\t\t\t\t<\/div>\n\t\t<\/section>\n\t\t\t\t<\/div>","protected":false},"excerpt":{"rendered":"<p>POLITICA DE UTILIZARE COOKIE-URI Utilizare Cookie-uri Informa\u021biile prezentate \u00een continuare au scopul de a aduce la cuno\u0219tin\u021b\u0103 utilizatorului mai multe detalii despre plasarea, utilizarea \u0219i administrarea \u201ecookie\u201d-urilor utilizate de site-ul aquilaspa.ro V\u0103 rug\u0103m s\u0103 citi\u021bi cu aten\u021bie informa\u021biile care urmeaz\u0103: Acest website folose\u0219te cookie-uri pentru a furniza vizitatorilor o experien\u021b\u0103 mult mai bun\u0103 de navigare [&hellip;]<\/p>\n","protected":false},"author":1,"featured_media":0,"parent":0,"menu_order":0,"comment_status":"closed","ping_status":"closed","template":"elementor_header_footer","meta":{"_joinchat":[],"footnotes":""},"class_list":["post-583","page","type-page","status-publish","hentry"],"_links":{"self":[{"href":"https:\/\/www.aquilaspa.ro\/en\/wp-json\/wp\/v2\/pages\/583","targetHints":{"allow":["GET"]}}],"collection":[{"href":"https:\/\/www.aquilaspa.ro\/en\/wp-json\/wp\/v2\/pages"}],"about":[{"href":"https:\/\/www.aquilaspa.ro\/en\/wp-json\/wp\/v2\/types\/page"}],"author":[{"embeddable":true,"href":"https:\/\/www.aquilaspa.ro\/en\/wp-json\/wp\/v2\/users\/1"}],"replies":[{"embeddable":true,"href":"https:\/\/www.aquilaspa.ro\/en\/wp-json\/wp\/v2\/comments?post=583"}],"version-history":[{"count":16,"href":"https:\/\/www.aquilaspa.ro\/en\/wp-json\/wp\/v2\/pages\/583\/revisions"}],"predecessor-version":[{"id":1725,"href":"https:\/\/www.aquilaspa.ro\/en\/wp-json\/wp\/v2\/pages\/583\/revisions\/1725"}],"wp:attachment":[{"href":"https:\/\/www.aquilaspa.ro\/en\/wp-json\/wp\/v2\/media?parent=583"}],"curies":[{"name":"wp","href":"https:\/\/api.w.org\/{rel}","templated":true}]}}