{"id":576,"date":"2021-04-26T06:53:27","date_gmt":"2021-04-26T06:53:27","guid":{"rendered":"https:\/\/www.test.aquilaspa.ro\/?page_id=576"},"modified":"2024-04-05T07:52:43","modified_gmt":"2024-04-05T07:52:43","slug":"termeni-si-conditii","status":"publish","type":"page","link":"https:\/\/www.aquilaspa.ro\/en\/termeni-si-conditii\/","title":{"rendered":"Terms &amp; conditions"},"content":{"rendered":"<div data-elementor-type=\"wp-page\" data-elementor-id=\"576\" class=\"elementor elementor-576\" data-elementor-post-type=\"page\">\n\t\t\t\t\t\t<section class=\"elementor-section elementor-top-section elementor-element elementor-element-751e9506 elementor-section-height-min-height elementor-section-content-middle elementor-section-boxed elementor-section-height-default elementor-section-items-middle\" data-id=\"751e9506\" data-element_type=\"section\" data-e-type=\"section\" data-settings=\"{&quot;background_background&quot;:&quot;classic&quot;}\">\n\t\t\t\t\t\t\t<div class=\"elementor-background-overlay\"><\/div>\n\t\t\t\t\t\t\t<div class=\"elementor-container elementor-column-gap-wider\">\n\t\t\t\t\t<div class=\"elementor-column elementor-col-100 elementor-top-column elementor-element elementor-element-77236f13\" data-id=\"77236f13\" data-element_type=\"column\" data-e-type=\"column\">\n\t\t\t<div class=\"elementor-widget-wrap elementor-element-populated\">\n\t\t\t\t\t\t<div class=\"elementor-element elementor-element-54e59ee elementor-widget elementor-widget-heading\" data-id=\"54e59ee\" data-element_type=\"widget\" data-e-type=\"widget\" data-widget_type=\"heading.default\">\n\t\t\t\t<div class=\"elementor-widget-container\">\n\t\t\t\t\t<h2 class=\"elementor-heading-title elementor-size-default\">Terms &amp; conditions<\/h2>\t\t\t\t<\/div>\n\t\t\t\t<\/div>\n\t\t\t\t<div class=\"elementor-element elementor-element-7a6f19e6 elementor-widget-divider--view-line elementor-widget elementor-widget-divider\" data-id=\"7a6f19e6\" data-element_type=\"widget\" data-e-type=\"widget\" data-widget_type=\"divider.default\">\n\t\t\t\t<div class=\"elementor-widget-container\">\n\t\t\t\t\t\t\t<div class=\"elementor-divider\">\n\t\t\t<span class=\"elementor-divider-separator\">\n\t\t\t\t\t\t<\/span>\n\t\t<\/div>\n\t\t\t\t\t\t<\/div>\n\t\t\t\t<\/div>\n\t\t\t\t\t<\/div>\n\t\t<\/div>\n\t\t\t\t\t<\/div>\n\t\t<\/section>\n\t\t\t\t<section class=\"elementor-section elementor-top-section elementor-element elementor-element-2cde7dff elementor-section-boxed elementor-section-height-default elementor-section-height-default\" data-id=\"2cde7dff\" data-element_type=\"section\" data-e-type=\"section\" data-settings=\"{&quot;background_background&quot;:&quot;classic&quot;}\">\n\t\t\t\t\t\t<div class=\"elementor-container elementor-column-gap-default\">\n\t\t\t\t\t<div class=\"elementor-column elementor-col-100 elementor-top-column elementor-element elementor-element-1b7c94dc\" data-id=\"1b7c94dc\" data-element_type=\"column\" data-e-type=\"column\">\n\t\t\t<div class=\"elementor-widget-wrap elementor-element-populated\">\n\t\t\t\t\t\t<div class=\"elementor-element elementor-element-ae82664 elementor-widget elementor-widget-heading\" data-id=\"ae82664\" data-element_type=\"widget\" data-e-type=\"widget\" data-widget_type=\"heading.default\">\n\t\t\t\t<div class=\"elementor-widget-container\">\n\t\t\t\t\t<h2 class=\"elementor-heading-title elementor-size-default\">General Conditions for using the aquilaspa.ro website <br>\n \n\nSite information\nThe aquilaspa.ro website is the property of General Trading SRL, a Romanian legal entity. <br> <br>\n\nContact: <br> <br>email: contact@aquilaspa.ro <br>\nwebsite: https:\/\/aquilaspa.ro <br>\n<br>\n\n1. General terms\n\nAquilaspa.ro.ro reserves the right, unilaterally, to change, correct, modify, add and \/ or withdraw these terms, without prior notice. These changes will take effect from the moment of their publication on Aquilaspa.ro<br>At the same time, Aquilaspa.ro may limit access to the site or to certain facilities on the site, may bring limitations to certain IPs, without notifications and without any liability. <br> <br>\n\n2. Use of site content\nThe information present on Aquilaspa.ro is of general interest and is made available to users <br>\n\nfor free. The term \"user\" of this site means any natural or legal person who will access this site. <br>\n\nYou can copy and print the content of the Aquilaspa.ro site for your personal use, without commercial intentions. In any other case, the content of Aquilaspa.ro may not be reproduced, modified or exploited. <br>\n\nUse of the Aquilaspa.ro website implies acceptance of these terms and conditions <br>\n\nThere are no prerequisites: <br>\n\n- modification, publication, transmission, transfer, sale, distribution of materials made by reproducing, displaying or modifying the content of Aquilaspa.ro without obtaining prior consent<br>\nal Aquilaspa.ro<br>\n\n- the removal of the sign that marks the copyright of Aquilaspa.ro on its content; <br>\n\n- reproducing the content of Aquilaspa.ro and sending it to other websites or servers or other means of storage of <br>\n\n- taking over, processing, reproducing and using the information obtained through Aquilaspa.ro for commercial purposes. <br>\n\nAny use of the contents of Aquilaspa.ro for purposes other than those expressly permitted by this document or by the legislation in force is prohibited. Requests to use the content for purposes other than those expressly permitted by this document may be sent to the email address: contact@Aquilaspa.ro <br> <br>\n\n3. Copyright\nThe content of Aquilaspa.ro is the property of Aquilaspa.ro and is protected by copyright law, all rights reserved. The use of any data, images, texts, graphics, symbols, web graphics, scripts, programs belonging to Aquilaspa.ro, without obtaining prior consent from the right holders, is punishable under applicable law. <br>\n\nThe content of Aquilaspa.ro may not be reproduced, modified, transferred, distributed, republished, copied or transmitted without the prior written permission of Aquilaspa.ro representatives. <br> <br>\n\n4. Registration, passwords, user responsibility <br>\nAccess to Aquilaspa.ro is free. <br>\n\nFor the \"Login\" option, the user will be asked to provide their contact details. <br>\n\nRegistration forms will contain detailed information of the user, such as full name, home address, home address, telephone, email address, other contact details. <br>\n\nTo prevent unauthorized persons from accessing your personal information, we recommend that you do not disclose your password, tick \"Log off\" whenever you end the protected session on the Aquilaspa.ro site, and close the browser window in which you worked. , at the end of your browsing on the site. <br>\n\nIt is forbidden for users to share their access data (username and password) in the Aquilaspa.ro account <br>\n\nThe Aquilaspa.ro site does not allow access for several users (with the same access data) to its content. <br>\n\nIn case such situations occur, smarthealth.ro reserves the right to suspend the access of that user. <br> <br>\n\n5. Information provided through the site &amp; Protection of personal data <br>\nAll the details about the Protection of personal data can be found at the following link: https:\/\/aquilaspa.ro\/politica-de-utilizare-a-datelor\/ <br> <br>\n\n6. Cookies Policy\nAll the details about the Cookie Use Policy can be found at the following link: https:\/\/aquilaspa.ro\/politica-de-cookie-uri\/\n <br> <br>\n7. Unsubscribe option\nUsers have the opportunity to unsubscribe when they no longer wish to receive a newsletter from Aquilaspa.ro, through the unsubscribe link contained in the e-mail.  <br> <br>\n\n8. Limitation of liability\nsmarthealth.ro is not responsible for any damages, direct or indirect, resulting from: <br>\n\n- the use or impossibility of using the Aquilaspa.ro information; <br>\n\n- unauthorized access to user data; <br>\n\n- statements \/ actions of a third party on the services of Aquilaspa.ro; <br>\n\n- the acquisition of complementary goods and services resulting from transactions or messages received and started through \/ on Aquilaspa.ro; <br>\n\n- any other problems related to the services offered by Aquilaspa.ro. <br>\n\nIf you consider that a certain material on the site, posted by third parties or users, infringes intellectual property rights or any other rights, it is necessary to report this situation to contact@Aquilaspa.ro<br>\n\nSite-ul  Aquilaspa.ro este oferit \u00een aceast\u0103 form\u0103 f\u0103r\u0103 alte garan\u021bii. smarthealth.ro nu este \u0219i nu poate fi responsabil\u0103 pentru nepotriviri, indisponibilit\u0103\u021bi sau alte defecte ale Aquilaspa.ro sau ale con\u021binutului acestuia. <br> <br>\n\n9. Applicable law\nThe present Terms and Conditions, as well as any dispute in connection with or arising from their clauses or from accessing \/ functioning \/ dysfunction of the site are subject to Romanian domestic law. The language used for the Terms and Conditions is Romanian. In case of litigation, only the Romanian courts in Cluj-Napoca will be considered competent. The user of the site agrees to adhere to these Terms and Conditions. <br>\n\nThe user of the Aquilaspa.ro site confirms that he has read and accepted these Terms and Conditions.<br>\nAquilaspa.ro by the user implies the unconditional acceptance of these Terms and Conditions. <br> <br>\n\n10. Suspension of access\nThe Aquilaspa.ro site may, without any other notification or formality and without this requiring an explanation of its attitude, suspend or block your access to the content of the site or to a part of this content. <br> <br>\n\n11. Site changes\nThe Aquilaspa.ro website reserves the right to suspend, modify, add or delete portions of its content at any time. Also, Aquilaspa.ro reserves the right to restrict users' access to some or all of its content.<br> <br>\nCertain parts of the content published on smarthealth.ro may be provided by third parties with whom Aquilaspa.ro has contractual relations in this regard. Also, inside the content of Aquilaspa.ro may be included advertising sections in which advertising messages of third parties will be displayed. The Aquilaspa.ro website is not responsible in any way for the content provided by third parties, whether it is advertising or not. Also, Aquilaspa.ro is not responsible for the content of external pages to which reference is made from within. <br> <br>\n\n12. Approval of comments\nThe Aquilaspa.ro website reserves the right not to approve or deactivate (without the subsequent possibility for users to reactivate them) that information or comments sent for publication or published that contravene the terms and conditions of use, which are outside the subject considered by the site or which it considers, unilaterally, as illegal, discriminatory, abusive, inappropriate or harmful, in any form, to its own image, partners or third parties. <br>\n\nThe user is solely responsible for the content of messages sent for publication. For this, you must know that the posting or transmission of communications or information through the communication platforms provided by Aquilaspa.ro is subject to these Terms and Conditions and the information may not appear on the Aquilaspa.ro platform, if they are not approved. <br>\n\nThe user must also understand that he may not publish, transmit or refer to Aquilaspa.ro users or members of any unsolicited commercial message, messages with confidential information, messages containing viruses or any other code sequences that prove to be be destructive or that may interrupt, eliminate or limit the functionality of smarthealth.ro, messages containing illegal, immoral, insulting, threatening, abusive, indecent, infringing in any way the intellectual property right or other rights that a third party may have . <br> <br>\n\n13. Modification of the presence of sections of terms and conditions\nThe Aquilaspa.ro website reserves the right to change these terms, modifying the version and date of adoption of the new regulation without fulfilling other formalities. When these terms change, Aquilaspa.ro will be able to notify you by e-mail or by a message in your Aquilaspa.ro user account and by publishing a link on the first page of the site. which refers to the new form of this document. Access to the site, to your user account and use of our services after the moment of notification or display of the link regarding the changes on the first page of the site implies that you have agreed to the new terms. <br> <br>\n\n14. Confidentiality\nAny personal data such as: name, address, personal numerical code, series and number of the identity card, passport series, telephone number, e-mail address or any other identification data that you transmit on the site smarthealth.ro, by e-mail or otherwise, will be used in accordance with the Privacy Policy. Any other communications or materials that you transmit on this Site, such as questions, comments, suggestions or other messages of this kind will be considered non-confidential and unprotected by certain intellectual property rights.\n <br> <br>\n15. Final note\nAll of these provisions may be subject to change or occasional updates. We recommend that you check these provisions each time you use the Aquilaspa.ro websites, in order to be always informed about them. By accessing the Aquilaspa.ro websites or using the aquilaspa.ro services through the mentioned websites, subsequent to the modifications, the new provisions will be considered accepted. <br>\n<\/h2>\t\t\t\t<\/div>\n\t\t\t\t<\/div>\n\t\t\t\t\t<\/div>\n\t\t<\/div>\n\t\t\t\t\t<\/div>\n\t\t<\/section>\n\t\t\t\t<section class=\"elementor-section elementor-top-section elementor-element elementor-element-65c47da6 elementor-section-content-middle elementor-section-boxed elementor-section-height-default elementor-section-height-default\" data-id=\"65c47da6\" data-element_type=\"section\" data-e-type=\"section\" data-settings=\"{&quot;background_background&quot;:&quot;classic&quot;}\">\n\t\t\t\t\t\t<div class=\"elementor-container elementor-column-gap-wider\">\n\t\t\t\t\t\t<\/div>\n\t\t<\/section>\n\t\t\t\t<\/div>","protected":false},"excerpt":{"rendered":"<p>Termenii si conditii Condi\u021bii Generale pentru utilizarea site-ului aquilaspa.ro Informa\u021bii despre site Site-ul aquilaspa.ro este proprietateaGeneral Trading SRL, persoana juridic\u0103 rom\u00e2n\u0103. Date de contact: email: contact@aquilaspa.ro website: https:\/\/aquilaspa.ro 1. Termeni generali Aquilaspa.ro.ro \u00ee\u0219i rezerv\u0103 dreptul, unilateral, de a schimba, corecta, modifica, ad\u0103uga \u0219i\/sau retrage prezen\u021bii termeni, f\u0103r\u0103 a anun\u021ba \u00een prealabil. Aceste schimb\u0103ri vor intra [&hellip;]<\/p>\n","protected":false},"author":1,"featured_media":0,"parent":0,"menu_order":0,"comment_status":"closed","ping_status":"closed","template":"elementor_header_footer","meta":{"_joinchat":[],"footnotes":""},"class_list":["post-576","page","type-page","status-publish","hentry"],"_links":{"self":[{"href":"https:\/\/www.aquilaspa.ro\/en\/wp-json\/wp\/v2\/pages\/576","targetHints":{"allow":["GET"]}}],"collection":[{"href":"https:\/\/www.aquilaspa.ro\/en\/wp-json\/wp\/v2\/pages"}],"about":[{"href":"https:\/\/www.aquilaspa.ro\/en\/wp-json\/wp\/v2\/types\/page"}],"author":[{"embeddable":true,"href":"https:\/\/www.aquilaspa.ro\/en\/wp-json\/wp\/v2\/users\/1"}],"replies":[{"embeddable":true,"href":"https:\/\/www.aquilaspa.ro\/en\/wp-json\/wp\/v2\/comments?post=576"}],"version-history":[{"count":16,"href":"https:\/\/www.aquilaspa.ro\/en\/wp-json\/wp\/v2\/pages\/576\/revisions"}],"predecessor-version":[{"id":1722,"href":"https:\/\/www.aquilaspa.ro\/en\/wp-json\/wp\/v2\/pages\/576\/revisions\/1722"}],"wp:attachment":[{"href":"https:\/\/www.aquilaspa.ro\/en\/wp-json\/wp\/v2\/media?parent=576"}],"curies":[{"name":"wp","href":"https:\/\/api.w.org\/{rel}","templated":true}]}}