{"id":3214,"date":"2025-09-15T12:20:00","date_gmt":"2025-09-15T12:20:00","guid":{"rendered":"https:\/\/www.aquilaspa.ro\/?page_id=3214"},"modified":"2025-09-15T12:21:32","modified_gmt":"2025-09-15T12:21:32","slug":"parteneri","status":"publish","type":"page","link":"https:\/\/www.aquilaspa.ro\/en\/parteneri\/","title":{"rendered":"Parteneri"},"content":{"rendered":"<div data-elementor-type=\"wp-page\" data-elementor-id=\"3214\" class=\"elementor elementor-3214\" data-elementor-post-type=\"page\">\n\t\t\t\t\t\t<section class=\"elementor-section elementor-top-section elementor-element elementor-element-9ce55ce elementor-section-boxed elementor-section-height-default elementor-section-height-default\" data-id=\"9ce55ce\" data-element_type=\"section\" data-e-type=\"section\">\n\t\t\t\t\t\t<div class=\"elementor-container elementor-column-gap-default\">\n\t\t\t\t\t<div class=\"elementor-column elementor-col-100 elementor-top-column elementor-element elementor-element-330444a\" data-id=\"330444a\" data-element_type=\"column\" data-e-type=\"column\">\n\t\t\t<div class=\"elementor-widget-wrap\">\n\t\t\t\t\t\t\t<\/div>\n\t\t<\/div>\n\t\t\t\t\t<\/div>\n\t\t<\/section>\n\t\t\t\t<section class=\"elementor-section elementor-top-section elementor-element elementor-element-332b246 elementor-section-boxed elementor-section-height-default elementor-section-height-default\" data-id=\"332b246\" data-element_type=\"section\" data-e-type=\"section\">\n\t\t\t\t\t\t<div class=\"elementor-container elementor-column-gap-default\">\n\t\t\t\t\t<div class=\"elementor-column elementor-col-100 elementor-top-column elementor-element elementor-element-ab4fd75\" data-id=\"ab4fd75\" data-element_type=\"column\" data-e-type=\"column\">\n\t\t\t<div class=\"elementor-widget-wrap elementor-element-populated\">\n\t\t\t\t\t\t<div class=\"elementor-element elementor-element-30f2be2 elementor-widget elementor-widget-text-editor\" data-id=\"30f2be2\" data-element_type=\"widget\" data-e-type=\"widget\" data-widget_type=\"text-editor.default\">\n\t\t\t\t<div class=\"elementor-widget-container\">\n\t\t\t\t\t\t\t\t\t<p><strong>Colaborare \u00eentre Ideal Rent a Car \u0219i Aquila Spa \u2013 confort, mobilitate \u0219i relaxare \u00een Cluj-Napoca<\/strong><\/p><p>Pentru a oferi clien\u021bilor no\u0219tri o experien\u021b\u0103 complet\u0103 \u00een Cluj-Napoca,\u00a0<strong>Ideal Rent a Car<\/strong>\u00a0\u0219i\u00a0<strong>Aquila Spa<\/strong>\u00a0\u0219i-au unit for\u021bele \u00eentr-un parteneriat dedicat confortului \u0219i relax\u0103rii.<\/p><p><strong>Ideal Rent a Car<\/strong>\u00a0(\u00a0<a href=\"https:\/\/idealrentacar.ro\/\" target=\"_new\" rel=\"noopener\">idealrentacar.ro<\/a>\u00a0) v\u0103 pune la dispozi\u021bie o flot\u0103 variat\u0103 de autoturisme moderne, sigure \u0219i accesibile, astfel \u00eenc\u00e2t s\u0103 v\u0103 pute\u021bi bucura de libertatea de a explora ora\u0219ul \u0219i \u00eemprejurimile exact a\u0219a cum v\u0103 dori\u021bi.<\/p><p><strong>Aquila Spa<\/strong>\u00a0(\u00a0<a href=\"https:\/\/www.aquilaspa.ro\/en\/\" target=\"_new\" rel=\"noopener\">aquilaspa.ro<\/a>\u00a0) completeaz\u0103 experien\u021ba cu momente de r\u0103sf\u0103\u021b \u0219i relaxare \u00eentr-un spa\u021biu premium, unde serviciile de wellness, terapiile de relaxare \u0219i facilit\u0103\u021bile moderne transform\u0103 orice vizit\u0103 \u00eentr-o oaz\u0103 de lini\u0219te \u0219i revitalizare.<\/p><p><strong>Beneficiile colabor\u0103rii:<\/strong><\/p><ul><li>Clien\u021bii\u00a0<strong>Ideal Rent a Car<\/strong>\u00a0beneficiaz\u0103 de\u00a0<strong>oferte speciale<\/strong>\u00a0la pachetele de wellness Aquila Spa.<\/li><li>Vizitatorii\u00a0<strong>Aquila Spa<\/strong>\u00a0pot avea acces la\u00a0<strong>tarife preferen\u021biale<\/strong>\u00a0pentru \u00eenchirierea unei ma\u0219ini de la Ideal Rent a Car.<\/li><li>Pachete comune de tip \u201emobilitate + relaxare\u201d, ideale at\u00e2t pentru turi\u0219ti, c\u00e2t \u0219i pentru cei afla\u021bi \u00een Cluj \u00een interes de afaceri.<\/li><\/ul><p>Astfel, indiferent dac\u0103 sunte\u021bi \u00een Cluj pentru c\u00e2teva zile de relaxare sau pentru o deplasare de business, parteneriatul\u00a0<strong>Ideal Rent a Car<\/strong>\u00a0\u2013\u00a0<strong>Aquila Spa<\/strong>\u00a0v\u0103 garanteaz\u0103 mobilitate, confort \u0219i momente de r\u0103sf\u0103\u021b binemeritate.<\/p><p>&#8211;\u00a0 Descoperi\u021bi Cluj-Napoca \u00een ritmul vostru \u0219i bucura\u021bi-v\u0103 de clipe de relaxare premium<\/p>\t\t\t\t\t\t\t\t<\/div>\n\t\t\t\t<\/div>\n\t\t\t\t\t<\/div>\n\t\t<\/div>\n\t\t\t\t\t<\/div>\n\t\t<\/section>\n\t\t\t\t<section class=\"elementor-section elementor-top-section elementor-element elementor-element-a062c23 elementor-section-boxed elementor-section-height-default elementor-section-height-default\" data-id=\"a062c23\" data-element_type=\"section\" data-e-type=\"section\">\n\t\t\t\t\t\t<div class=\"elementor-container elementor-column-gap-default\">\n\t\t\t\t\t<div class=\"elementor-column elementor-col-100 elementor-top-column elementor-element elementor-element-0e1f693\" data-id=\"0e1f693\" data-element_type=\"column\" data-e-type=\"column\">\n\t\t\t<div class=\"elementor-widget-wrap elementor-element-populated\">\n\t\t\t\t\t\t<div class=\"elementor-element elementor-element-557c724 elementor-widget elementor-widget-image\" data-id=\"557c724\" data-element_type=\"widget\" data-e-type=\"widget\" data-widget_type=\"image.default\">\n\t\t\t\t<div class=\"elementor-widget-container\">\n\t\t\t\t\t\t\t\t\t\t\t\t\t\t\t\t<a href=\"https:\/\/www.aquilaspa.ro\/wp-content\/uploads\/2025\/09\/banner-2.jpg\" data-elementor-open-lightbox=\"yes\" data-elementor-lightbox-title=\"banner-2\" data-e-action-hash=\"#elementor-action%3Aaction%3Dlightbox%26settings%3DeyJpZCI6MzIxNiwidXJsIjoiaHR0cHM6XC9cL3d3dy5hcXVpbGFzcGEucm9cL3dwLWNvbnRlbnRcL3VwbG9hZHNcLzIwMjVcLzA5XC9iYW5uZXItMi5qcGcifQ%3D%3D\">\n\t\t\t\t\t\t\t<img fetchpriority=\"high\" decoding=\"async\" width=\"800\" height=\"534\" src=\"https:\/\/www.aquilaspa.ro\/wp-content\/uploads\/2025\/09\/banner-2-1024x683.jpg\" class=\"attachment-large size-large wp-image-3216\" alt=\"\" srcset=\"https:\/\/www.aquilaspa.ro\/wp-content\/uploads\/2025\/09\/banner-2-1024x683.jpg 1024w, https:\/\/www.aquilaspa.ro\/wp-content\/uploads\/2025\/09\/banner-2-300x200.jpg 300w, https:\/\/www.aquilaspa.ro\/wp-content\/uploads\/2025\/09\/banner-2-768x512.jpg 768w, https:\/\/www.aquilaspa.ro\/wp-content\/uploads\/2025\/09\/banner-2-18x12.jpg 18w, https:\/\/www.aquilaspa.ro\/wp-content\/uploads\/2025\/09\/banner-2-600x400.jpg 600w, https:\/\/www.aquilaspa.ro\/wp-content\/uploads\/2025\/09\/banner-2.jpg 1536w\" sizes=\"(max-width: 800px) 100vw, 800px\" \/>\t\t\t\t\t\t\t\t<\/a>\n\t\t\t\t\t\t\t\t\t\t\t\t\t\t\t<\/div>\n\t\t\t\t<\/div>\n\t\t\t\t\t<\/div>\n\t\t<\/div>\n\t\t\t\t\t<\/div>\n\t\t<\/section>\n\t\t\t\t<\/div>","protected":false},"excerpt":{"rendered":"<p>Colaborare \u00eentre Ideal Rent a Car \u0219i Aquila Spa \u2013 confort, mobilitate \u0219i relaxare \u00een Cluj-Napoca Pentru a oferi clien\u021bilor no\u0219tri o experien\u021b\u0103 complet\u0103 \u00een Cluj-Napoca,\u00a0Ideal Rent a Car\u00a0\u0219i\u00a0Aquila Spa\u00a0\u0219i-au unit for\u021bele \u00eentr-un parteneriat dedicat confortului \u0219i relax\u0103rii. Ideal Rent a Car\u00a0(\u00a0idealrentacar.ro\u00a0) v\u0103 pune la dispozi\u021bie o flot\u0103 variat\u0103 de autoturisme moderne, sigure \u0219i accesibile, [&hellip;]<\/p>\n","protected":false},"author":1,"featured_media":0,"parent":0,"menu_order":0,"comment_status":"closed","ping_status":"closed","template":"","meta":{"_joinchat":[],"footnotes":""},"class_list":["post-3214","page","type-page","status-publish","hentry"],"_links":{"self":[{"href":"https:\/\/www.aquilaspa.ro\/en\/wp-json\/wp\/v2\/pages\/3214","targetHints":{"allow":["GET"]}}],"collection":[{"href":"https:\/\/www.aquilaspa.ro\/en\/wp-json\/wp\/v2\/pages"}],"about":[{"href":"https:\/\/www.aquilaspa.ro\/en\/wp-json\/wp\/v2\/types\/page"}],"author":[{"embeddable":true,"href":"https:\/\/www.aquilaspa.ro\/en\/wp-json\/wp\/v2\/users\/1"}],"replies":[{"embeddable":true,"href":"https:\/\/www.aquilaspa.ro\/en\/wp-json\/wp\/v2\/comments?post=3214"}],"version-history":[{"count":4,"href":"https:\/\/www.aquilaspa.ro\/en\/wp-json\/wp\/v2\/pages\/3214\/revisions"}],"predecessor-version":[{"id":3219,"href":"https:\/\/www.aquilaspa.ro\/en\/wp-json\/wp\/v2\/pages\/3214\/revisions\/3219"}],"wp:attachment":[{"href":"https:\/\/www.aquilaspa.ro\/en\/wp-json\/wp\/v2\/media?parent=3214"}],"curies":[{"name":"wp","href":"https:\/\/api.w.org\/{rel}","templated":true}]}}